{"id":60,"date":"2025-07-02T11:55:38","date_gmt":"2025-07-02T11:55:38","guid":{"rendered":"https:\/\/fabbroyachts.com\/?page_id=60"},"modified":"2025-08-07T11:43:02","modified_gmt":"2025-08-07T11:43:02","slug":"cerez-politikasi","status":"publish","type":"page","link":"https:\/\/fabbroyachts.com\/tr\/cerez-politikasi\/","title":{"rendered":"\u00c7EREZ POL\u0130T\u0130KASI"},"content":{"rendered":"","protected":false},"excerpt":{"rendered":"","protected":false},"author":3,"featured_media":307,"parent":0,"menu_order":0,"comment_status":"closed","ping_status":"closed","template":"page-cerezpolitikasi.php","meta":{"_acf_changed":false,"inline_featured_image":false,"footnotes":""},"class_list":["post-60","page","type-page","status-publish","has-post-thumbnail","hentry"],"acf":[],"_links":{"self":[{"href":"https:\/\/fabbroyachts.com\/tr\/wp-json\/wp\/v2\/pages\/60","targetHints":{"allow":["GET"]}}],"collection":[{"href":"https:\/\/fabbroyachts.com\/tr\/wp-json\/wp\/v2\/pages"}],"about":[{"href":"https:\/\/fabbroyachts.com\/tr\/wp-json\/wp\/v2\/types\/page"}],"author":[{"embeddable":true,"href":"https:\/\/fabbroyachts.com\/tr\/wp-json\/wp\/v2\/users\/3"}],"replies":[{"embeddable":true,"href":"https:\/\/fabbroyachts.com\/tr\/wp-json\/wp\/v2\/comments?post=60"}],"version-history":[{"count":1,"href":"https:\/\/fabbroyachts.com\/tr\/wp-json\/wp\/v2\/pages\/60\/revisions"}],"predecessor-version":[{"id":62,"href":"https:\/\/fabbroyachts.com\/tr\/wp-json\/wp\/v2\/pages\/60\/revisions\/62"}],"wp:featuredmedia":[{"embeddable":true,"href":"https:\/\/fabbroyachts.com\/tr\/wp-json\/wp\/v2\/media\/307"}],"wp:attachment":[{"href":"https:\/\/fabbroyachts.com\/tr\/wp-json\/wp\/v2\/media?parent=60"}],"curies":[{"name":"wp","href":"https:\/\/api.w.org\/{rel}","templated":true}]}}